{"id":642,"date":"2024-06-03T08:46:59","date_gmt":"2024-06-03T06:46:59","guid":{"rendered":"https:\/\/therapiezentrum-hassels.com\/?page_id=642"},"modified":"2024-06-03T08:54:59","modified_gmt":"2024-06-03T06:54:59","slug":"impressum","status":"publish","type":"page","link":"https:\/\/therapiezentrum-hassels.com\/index.php\/impressum\/","title":{"rendered":"Impressum"},"content":{"rendered":"\t\t<div data-elementor-type=\"wp-page\" data-elementor-id=\"642\" class=\"elementor elementor-642\">\n\t\t\t\t<div class=\"elementor-element elementor-element-b62d558 e-flex e-con-boxed e-con e-parent\" data-id=\"b62d558\" data-element_type=\"container\">\n\t\t\t\t\t<div class=\"e-con-inner\">\n\t\t\t\t<div class=\"elementor-element elementor-element-eab9a3e elementor-widget elementor-widget-heading\" data-id=\"eab9a3e\" data-element_type=\"widget\" data-widget_type=\"heading.default\">\n\t\t\t\t<div class=\"elementor-widget-container\">\n\t\t\t<h2 class=\"elementor-heading-title elementor-size-default\">Impressum<\/h2>\t\t<\/div>\n\t\t\t\t<\/div>\n\t\t\t\t\t<\/div>\n\t\t\t\t<\/div>\n\t\t<div class=\"elementor-element elementor-element-73f911f e-flex e-con-boxed e-con e-parent\" data-id=\"73f911f\" data-element_type=\"container\">\n\t\t\t\t\t<div class=\"e-con-inner\">\n\t\t\t\t<div class=\"elementor-element elementor-element-53e47d3 elementor-widget elementor-widget-text-editor\" data-id=\"53e47d3\" data-element_type=\"widget\" data-widget_type=\"text-editor.default\">\n\t\t\t\t<div class=\"elementor-widget-container\">\n\t\t\t\t\t\t\t<p style=\"color: #232115;\"><strong>Kontakt<br><\/strong>Mail: info@therapiezentrum-hassels.com<br>Telefon: 0211 746166<br>Fax: 0211 8774054<\/p>\n<p style=\"color: #232115;\"><strong>Adresse<br><\/strong>Majid Albohamdan<br>Altenbr\u00fcckstra\u00dfe 30<br>40599 D\u00fcsseldorf<\/p>\n<h2 class=\"wp-block-heading\" style=\"font-size: var(--h2fontsize); font-weight: var(--h2fontweight); font-family: var(--headingsfontfamily),var(--nv-fallback-ff); line-height: var(--h2lineheight); letter-spacing: normal; text-transform: none; color: #232115;\">Haftung f\u00fcr Inhalte<\/h2>\n<p style=\"color: #232115;\">Die Inhalte meiner Seiten wurden mit gr\u00f6\u00dfter Sorgfalt erstellt. F\u00fcr die Richtigkeit, Vollst\u00e4ndigkeit und Aktualit\u00e4t der Inhalte kann ich jedoch keine Gew\u00e4hr \u00fcbernehmen. Als Diensteanbieter bin ich gem\u00e4\u00df \u00a7 7 Abs. 1 TMG f\u00fcr eigene Inhalte auf diesen Seiten nach den allgemeinen Gesetzen verantwortlich.<\/p>\n<p style=\"color: #232115;\">Nach \u00a7\u00a7 8 bis 10 TMG bin ich als Diensteanbieter jedoch nicht verpflichtet, \u00fcbermittelte oder gespeicherte fremde Informationen zu \u00fcberwachen oder nach Umst\u00e4nden zu forschen, die auf eine rechtswidrige T\u00e4tigkeit hinweisen. Verpflichtungen zur Entfernung oder Sperrung der Nutzung von Informationen nach den allgemeinen Gesetzen bleiben hiervon unber\u00fchrt. Eine diesbez\u00fcgliche Haftung ist jedoch erst ab dem Zeitpunkt der Kenntnis einer konkreten Rechtsverletzung m\u00f6glich. Bei Bekanntwerden von entsprechenden Rechtsverletzungen werde ich diese Inhalte umgehend entfernen.<\/p>\n<h2 class=\"wp-block-heading\" style=\"font-size: var(--h2fontsize); font-weight: var(--h2fontweight); font-family: var(--headingsfontfamily),var(--nv-fallback-ff); line-height: var(--h2lineheight); letter-spacing: normal; text-transform: none; color: #232115;\">Haftung f\u00fcr Links<\/h2>\n<p style=\"color: #232115;\">Mein Angebot enth\u00e4lt Links zu externen Webseiten Dritter, auf deren Inhalte ich keinen Einfluss haben. Deshalb kann ich f\u00fcr diese fremden Inhalte auch keine Gew\u00e4hr \u00fcbernehmen. F\u00fcr die Inhalte der verlinkten Seiten ist stets der jeweilige Anbieter oder Betreiber der Seiten verantwortlich.<\/p>\n<p style=\"color: #232115;\">Die verlinkten Seiten wurden zum Zeitpunkt der Verlinkung auf m\u00f6gliche Rechtsverst\u00f6\u00dfe \u00fcberpr\u00fcft. Rechtswidrige Inhalte waren zum Zeitpunkt der Verlinkung nicht erkennbar. Eine permanente inhaltliche Kontrolle der verlinkten Seiten ist jedoch ohne konkrete Anhaltspunkte einer Rechtsverletzung nicht zumutbar. Bei Bekanntwerden von Rechtsverletzungen werde ich derartige Links umgehend entfernen.<\/p>\n<h2 class=\"wp-block-heading\" style=\"font-size: var(--h2fontsize); font-weight: var(--h2fontweight); font-family: var(--headingsfontfamily),var(--nv-fallback-ff); line-height: var(--h2lineheight); letter-spacing: normal; text-transform: none; color: #232115;\">Urheberrecht<\/h2>\n<p style=\"color: #232115;\">Meine selbst erstellten Inhalte und Werke auf diesen Seiten unterliegen dem deutschen Urheberrecht. Die Vervielf\u00e4ltigung, Bearbeitung, Verbreitung und jede Art der Verwertung au\u00dferhalb der Grenzen des Urheberrechtes bed\u00fcrfen meiner schriftlichen Zustimmung. Downloads und Kopien dieser Seite sind nur f\u00fcr den privaten, nicht kommerziellen Gebrauch gestattet.<\/p>\n<p style=\"color: #232115;\">Soweit die Inhalte auf dieser Seite nicht von mir erstellt wurden, werden die Urheberrechte Dritter beachtet. Insbesondere werden Inhalte Dritter als solche gekennzeichnet. Sollten Sie trotzdem auf eine Urheberrechtsverletzung aufmerksam werden, bitte ich um einen entsprechenden Hinweis. Bei Bekanntwerden von Rechtsverletzungen werde ich derartige Inhalte umgehend entfernen.<\/p>\n<h2 class=\"wp-block-heading\" style=\"font-size: var(--h2fontsize); font-weight: var(--h2fontweight); font-family: var(--headingsfontfamily),var(--nv-fallback-ff); line-height: var(--h2lineheight); letter-spacing: normal; text-transform: none; color: #232115;\">Datenschutz<\/h2>\n<p style=\"color: #232115;\">Die Nutzung meiner Webseite ist in der Regel ohne Angabe personenbezogener Daten m\u00f6glich. Soweit auf meinen Seiten personenbezogene Daten (beispielsweise Name, Anschrift oder E-Mail-Adressen) erhoben werden, erfolgt dies, soweit m\u00f6glich, stets auf freiwilliger Basis. Diese Daten werden ohne Ihre ausdr\u00fcckliche Zustimmung nicht an Dritte weitergegeben.<\/p>\n<p style=\"color: #232115;\">Ich weise darauf hin, dass die Daten\u00fcbertragung im Internet (z.B. bei der Kommunikation per E-Mail) Sicherheitsl\u00fccken aufweisen kann. Ein l\u00fcckenloser Schutz der Daten vor dem Zugriff durch Dritte ist nicht m\u00f6glich.<\/p>\n<p style=\"color: #232115;\">Der Nutzung von ver\u00f6ffentlichten Kontaktdaten durch Dritte zur \u00dcbersendung von nicht ausdr\u00fccklich angeforderter Werbung und Informationsmaterialien wird hiermit ausdr\u00fccklich widersprochen. Ich als Betreiber der Seite behalte mir ausdr\u00fccklich rechtliche Schritte im Falle der unverlangten Zusendung von Inhalten, etwa Spam-Mails oder Werbung, vor.<\/p>\n<h2 class=\"wp-block-heading\" style=\"font-size: var(--h2fontsize); font-weight: var(--h2fontweight); font-family: var(--headingsfontfamily),var(--nv-fallback-ff); line-height: var(--h2lineheight); letter-spacing: normal; text-transform: none; color: #232115;\">Nutzung des Kontaktformulars<\/h2>\n<p style=\"color: #232115;\">Wenn Sie mich \u00fcber mein bereitgestelltes Kontaktformular oder direkt per E-Mail kontaktieren, ist die Angabe einer g\u00fcltigen E-Mail-Adresse, einer Telefonnummer und Ihres vollst\u00e4ndigen Namens erforderlich, um Ihre Anfrage beantworten zu k\u00f6nnen. Weitere von Ihnen angegebene Kontaktm\u00f6glichkeiten und der Inhalt Ihrer Anfrage werden zur Bearbeitung der Anfrage und f\u00fcr eventuell gestellte Anschlussfragen gespeichert.<\/p>\n<p style=\"color: #232115;\">Rechtsgrundlage ist mein berechtigtes Interesse der Datenverarbeitung gem\u00e4\u00df Art. 6 Abs. 1 S.1 lit. f DSGVO und bei der Nutzung des Kontaktformulars Art. 6 Abs. 1 S. 1 lit. a DSGVO (Einwilligung). Ist das Ziel der Kontaktaufnahme ein Vertragsabschluss, so liegt zus\u00e4tzlich die Rechtsgrundlage Art. 6 Abs. 1 Satz 1 lit. b DSGVO (Erf\u00fcllung eines Vertrags) vor.<\/p><p style=\"color: #232115;\"><br><\/p>\t\t\t\t\t\t<\/div>\n\t\t\t\t<\/div>\n\t\t\t\t\t<\/div>\n\t\t\t\t<\/div>\n\t\t\t\t<\/div>\n\t\t","protected":false},"excerpt":{"rendered":"<p>Impressum KontaktMail: info@therapiezentrum-hassels.comTelefon: 0211 746166Fax: 0211 8774054 AdresseMajid AlbohamdanAltenbr\u00fcckstra\u00dfe 3040599 D\u00fcsseldorf Haftung f\u00fcr Inhalte Die Inhalte meiner Seiten wurden mit gr\u00f6\u00dfter Sorgfalt erstellt. F\u00fcr die Richtigkeit, Vollst\u00e4ndigkeit und Aktualit\u00e4t der Inhalte kann ich jedoch keine Gew\u00e4hr \u00fcbernehmen. Als Diensteanbieter bin ich gem\u00e4\u00df \u00a7 7 Abs. 1 TMG f\u00fcr eigene Inhalte auf diesen Seiten nach den&hellip;&nbsp;<a href=\"https:\/\/therapiezentrum-hassels.com\/index.php\/impressum\/\" class=\"\" rel=\"bookmark\">Weiterlesen &raquo;<span class=\"screen-reader-text\">Impressum<\/span><\/a><\/p>\n","protected":false},"author":2,"featured_media":0,"parent":0,"menu_order":0,"comment_status":"closed","ping_status":"closed","template":"page-templates\/template-pagebuilder-full-width.php","meta":{"neve_meta_sidebar":"","neve_meta_container":"full-width","neve_meta_enable_content_width":"","neve_meta_content_width":0,"neve_meta_title_alignment":"","neve_meta_author_avatar":"","neve_post_elements_order":"","neve_meta_disable_header":"","neve_meta_disable_footer":"","neve_meta_disable_title":"on","_themeisle_gutenberg_block_has_review":false,"_ti_tpc_template_sync":false,"_ti_tpc_template_id":"","footnotes":""},"class_list":["post-642","page","type-page","status-publish","hentry"],"_links":{"self":[{"href":"https:\/\/therapiezentrum-hassels.com\/index.php\/wp-json\/wp\/v2\/pages\/642","targetHints":{"allow":["GET"]}}],"collection":[{"href":"https:\/\/therapiezentrum-hassels.com\/index.php\/wp-json\/wp\/v2\/pages"}],"about":[{"href":"https:\/\/therapiezentrum-hassels.com\/index.php\/wp-json\/wp\/v2\/types\/page"}],"author":[{"embeddable":true,"href":"https:\/\/therapiezentrum-hassels.com\/index.php\/wp-json\/wp\/v2\/users\/2"}],"replies":[{"embeddable":true,"href":"https:\/\/therapiezentrum-hassels.com\/index.php\/wp-json\/wp\/v2\/comments?post=642"}],"version-history":[{"count":15,"href":"https:\/\/therapiezentrum-hassels.com\/index.php\/wp-json\/wp\/v2\/pages\/642\/revisions"}],"predecessor-version":[{"id":657,"href":"https:\/\/therapiezentrum-hassels.com\/index.php\/wp-json\/wp\/v2\/pages\/642\/revisions\/657"}],"wp:attachment":[{"href":"https:\/\/therapiezentrum-hassels.com\/index.php\/wp-json\/wp\/v2\/media?parent=642"}],"curies":[{"name":"wp","href":"https:\/\/api.w.org\/{rel}","templated":true}]}}